{"id":1475,"date":"2025-01-13T08:37:52","date_gmt":"2025-01-13T01:37:52","guid":{"rendered":"https:\/\/dreamlinertravel.com\/dich-vu\/"},"modified":"2025-07-31T23:19:26","modified_gmt":"2025-07-31T16:19:26","slug":"dich-vu-1","status":"publish","type":"page","link":"https:\/\/dreamlinertravel.com\/en\/dich-vu-1\/","title":{"rendered":"D\u1ecbch v\u1ee5"},"content":{"rendered":"\t<section class=\"section\" id=\"section_95503715\">\n\t\t<div class=\"bg section-bg fill bg-fill  bg-loaded\" >\n\n\t\t\t\n\t\t\t\n\t\t\t\n\n\t\t<\/div>\n\n\t\t\n\n\t\t<div class=\"section-content relative\">\n\t\t\t\n<div class=\"row\"  id=\"row-2093882262\">\n\n\t<div id=\"col-271449846\" class=\"col small-12 large-12\"  >\n\t\t\t\t<div class=\"col-inner\"  >\n\t\t\t\n\t\t\t\n\t<div id=\"text-844558699\" class=\"text section-title\">\n\t\t\n<h3>Gi\u1ea3i ph\u00e1p d\u1ecbch v\u1ee5 to\u00e0n di\u1ec7n t\u1ea1i Ph\u00fa Qu\u1ed1c<\/h3>\n<h2>Kh\u00e1m ph\u00e1 c\u00e1c d\u1ecbch v\u1ee5 du l\u1ecbch h\u00e0ng \u0111\u1ea7u<\/h2>\n\t\t\n<style>\n#text-844558699 {\n  text-align: center;\n}\n<\/style>\n\t<\/div>\n\t\n\t\t<\/div>\n\t\t\t\t\t<\/div>\n\n\t\n<\/div>\n\n\t\t<\/div>\n\n\t\t\n<style>\n#section_95503715 {\n  padding-top: 120px;\n  padding-bottom: 120px;\n}\n<\/style>\n\t<\/section>\n\t\n","protected":false},"excerpt":{"rendered":"","protected":false},"author":1,"featured_media":0,"parent":0,"menu_order":0,"comment_status":"closed","ping_status":"closed","template":"page-blank.php","meta":{"inline_featured_image":false,"footnotes":""},"class_list":["post-1475","page","type-page","status-publish","hentry"],"acf":[],"_links":{"self":[{"href":"https:\/\/dreamlinertravel.com\/en\/wp-json\/wp\/v2\/pages\/1475","targetHints":{"allow":["GET"]}}],"collection":[{"href":"https:\/\/dreamlinertravel.com\/en\/wp-json\/wp\/v2\/pages"}],"about":[{"href":"https:\/\/dreamlinertravel.com\/en\/wp-json\/wp\/v2\/types\/page"}],"author":[{"embeddable":true,"href":"https:\/\/dreamlinertravel.com\/en\/wp-json\/wp\/v2\/users\/1"}],"replies":[{"embeddable":true,"href":"https:\/\/dreamlinertravel.com\/en\/wp-json\/wp\/v2\/comments?post=1475"}],"version-history":[{"count":2,"href":"https:\/\/dreamlinertravel.com\/en\/wp-json\/wp\/v2\/pages\/1475\/revisions"}],"predecessor-version":[{"id":2569,"href":"https:\/\/dreamlinertravel.com\/en\/wp-json\/wp\/v2\/pages\/1475\/revisions\/2569"}],"wp:attachment":[{"href":"https:\/\/dreamlinertravel.com\/en\/wp-json\/wp\/v2\/media?parent=1475"}],"curies":[{"name":"wp","href":"https:\/\/api.w.org\/{rel}","templated":true}]}}