{"id":1511,"date":"2024-12-30T02:03:52","date_gmt":"2024-12-30T02:03:52","guid":{"rendered":"https:\/\/dreamlinertravel.com\/chinh-sach-bao-mat\/"},"modified":"2024-12-30T02:03:52","modified_gmt":"2024-12-30T02:03:52","slug":"chinh-sach-bao-mat","status":"publish","type":"page","link":"https:\/\/dreamlinertravel.com\/en\/chinh-sach-bao-mat\/","title":{"rendered":"Ch\u00ednh s\u00e1ch b\u1ea3o m\u1eadt"},"content":{"rendered":"\r\n<h2 class=\"wp-block-heading\">Ch\u00fang t\u00f4i l\u00e0 ai<\/h2>\r\n\r\n\r\n<p><strong class=\"privacy-policy-tutorial\">V\u0103n b\u1ea3n \u0111\u01b0\u1ee3c \u0111\u1ec1 xu\u1ea5t: <\/strong>C\u00f4ng Ty C\u1ed5 Ph\u1ea7n \u0110\u1ea7u T\u01b0 Du L\u1ecbch Qu\u00fd H\u1ea3i Ph\u00fa Qu\u1ed1c chuy\u00ean cung c\u1ea5p tour du l\u1ecbch, \u0111\u1eb7t ph\u00f2ng kh\u00e1ch s\u1ea1n, thu\u00ea xe \u0111\u01b0a \u0111\u00f3n v\u00e0 v\u00e9 tham quan t\u1ea1i Ph\u00fa Qu\u1ed1c.<\/p>\r\n\r\n\r\n<h2 class=\"wp-block-heading\">B\u00ecnh lu\u1eadn<\/h2>\r\n\r\n\r\n<p><strong class=\"privacy-policy-tutorial\">V\u0103n b\u1ea3n \u0111\u01b0\u1ee3c \u0111\u1ec1 xu\u1ea5t: <\/strong>Khi b\u1ea1n \u0111\u1ec3 l\u1ea1i b\u00ecnh lu\u1eadn tr\u00ean website, ch\u00fang t\u00f4i s\u1ebd thu th\u1eadp th\u00f4ng tin hi\u1ec3n th\u1ecb trong bi\u1ec3u m\u1eabu, \u0111\u1ecba ch\u1ec9 IP v\u00e0 chu\u1ed7i th\u00f4ng tin tr\u00ecnh duy\u1ec7t nh\u1eb1m ph\u00e1t hi\u1ec7n b\u00ecnh lu\u1eadn r\u00e1c.<\/p>\r\n\r\n\r\n<p>M\u1ed9t chu\u1ed7i m\u00e3 h\u00f3a t\u1eeb \u0111\u1ecba ch\u1ec9 email c\u1ee7a b\u1ea1n (hash) c\u00f3 th\u1ec3 \u0111\u01b0\u1ee3c g\u1eedi \u0111\u1ebfn d\u1ecbch v\u1ee5 Gravatar \u0111\u1ec3 x\u00e1c minh vi\u1ec7c s\u1eed d\u1ee5ng. Ch\u00ednh s\u00e1ch b\u1ea3o m\u1eadt c\u1ee7a Gravatar: https:\/\/automattic.com\/privacy\/. Sau khi b\u00ecnh lu\u1eadn \u0111\u01b0\u1ee3c duy\u1ec7t, \u1ea3nh \u0111\u1ea1i di\u1ec7n c\u1ee7a b\u1ea1n s\u1ebd c\u00f4ng khai c\u00f9ng b\u00ecnh lu\u1eadn \u0111\u00f3.<\/p>\r\n\r\n\r\n<h2 class=\"wp-block-heading\">Media<\/h2>\r\n\r\n\r\n<p><strong class=\"privacy-policy-tutorial\">V\u0103n b\u1ea3n \u0111\u01b0\u1ee3c \u0111\u1ec1 xu\u1ea5t: <\/strong>N\u1ebfu b\u1ea1n t\u1ea3i h\u00ecnh \u1ea3nh l\u00ean website, h\u00e3y \u0111\u1ea3m b\u1ea3o kh\u00f4ng ch\u1ee9a d\u1eef li\u1ec7u v\u1ecb tr\u00ed (EXIF GPS), v\u00ec kh\u00e1ch kh\u00e1c c\u00f3 th\u1ec3 t\u1ea3i v\u1ec1 v\u00e0 truy xu\u1ea5t th\u00f4ng tin v\u1ecb tr\u00ed t\u1eeb \u1ea3nh \u0111\u00f3.<\/p>\r\n\r\n\r\n<h2 class=\"wp-block-heading\">Cookies<\/h2>\r\n\r\n\r\n<p><strong class=\"privacy-policy-tutorial\">V\u0103n b\u1ea3n \u0111\u01b0\u1ee3c \u0111\u1ec1 xu\u1ea5t: <\/strong>Khi b\u1ea1n \u0111\u1ec3 l\u1ea1i b\u00ecnh lu\u1eadn, b\u1ea1n c\u00f3 th\u1ec3 l\u01b0u t\u00ean, email v\u00e0 website v\u00e0o cookie \u0111\u1ec3 l\u1ea7n sau kh\u00f4ng ph\u1ea3i nh\u1eadp l\u1ea1i. Th\u00f4ng tin n\u00e0y \u0111\u01b0\u1ee3c l\u01b0u trong v\u00f2ng m\u1ed9t n\u0103m.<\/p>\r\n\r\n\r\n<p>N\u1ebfu b\u1ea1n truy c\u1eadp trang \u0111\u0103ng nh\u1eadp, website s\u1ebd t\u1ea1o cookie t\u1ea1m th\u1eddi \u0111\u1ec3 ki\u1ec3m tra tr\u00ecnh duy\u1ec7t c\u00f3 cho ph\u00e9p cookie kh\u00f4ng. Cookie n\u00e0y kh\u00f4ng l\u01b0u th\u00f4ng tin c\u00e1 nh\u00e2n v\u00e0 s\u1ebd x\u00f3a khi b\u1ea1n \u0111\u00f3ng tr\u00ecnh duy\u1ec7t.<\/p>\r\n\r\n\r\n<p>Sau khi \u0111\u0103ng nh\u1eadp, ch\u00fang t\u00f4i s\u1ebd l\u01b0u m\u1ed9t s\u1ed1 cookie \u0111\u1ec3 ghi nh\u1edb th\u00f4ng tin \u0111\u0103ng nh\u1eadp v\u00e0 t\u00f9y ch\u1ecdn hi\u1ec3n th\u1ecb c\u1ee7a b\u1ea1n. Cookie \u0111\u0103ng nh\u1eadp c\u00f3 th\u1eddi h\u1ea1n l\u01b0u gi\u1eef hai ng\u00e0y, cookie t\u00f9y ch\u1ecdn hi\u1ec3n th\u1ecb l\u00e0 m\u1ed9t n\u0103m. N\u1ebfu b\u1ea1n ch\u1ecdn &quot;Nh\u1edb t\u00f4i&quot;, \u0111\u0103ng nh\u1eadp s\u1ebd l\u01b0u trong hai tu\u1ea7n. \u0110\u0103ng xu\u1ea5t s\u1ebd x\u00f3a cookie \u0111\u0103ng nh\u1eadp.<\/p>\r\n\r\n\r\n<p>N\u1ebfu b\u1ea1n ch\u1ec9nh s\u1eeda ho\u1eb7c xu\u1ea5t b\u1ea3n b\u00e0i vi\u1ebft, m\u1ed9t cookie b\u1ed5 sung s\u1ebd \u0111\u01b0\u1ee3c l\u01b0u trong tr\u00ecnh duy\u1ec7t, ch\u1ee9a ID c\u1ee7a b\u00e0i vi\u1ebft \u0111\u00e3 ch\u1ec9nh s\u1eeda v\u00e0 t\u1ef1 x\u00f3a sau m\u1ed9t ng\u00e0y.<\/p>\r\n\r\n\r\n<h2 class=\"wp-block-heading\">N\u1ed9i dung nh\u00fang t\u1eeb website kh\u00e1c<\/h2>\r\n\r\n\r\n<p><strong class=\"privacy-policy-tutorial\">V\u0103n b\u1ea3n \u0111\u01b0\u1ee3c \u0111\u1ec1 xu\u1ea5t: <\/strong>C\u00e1c b\u00e0i vi\u1ebft tr\u00ean website n\u00e0y c\u00f3 th\u1ec3 ch\u1ee9a n\u1ed9i dung nh\u00fang (v\u00ed d\u1ee5: video, h\u00ecnh \u1ea3nh, b\u00e0i vi\u1ebft, v.v.). N\u1ed9i dung nh\u00fang t\u1eeb website kh\u00e1c s\u1ebd ho\u1ea1t \u0111\u1ed9ng gi\u1ed1ng nh\u01b0 khi b\u1ea1n truy c\u1eadp tr\u1ef1c ti\u1ebfp v\u00e0o website \u0111\u00f3.<\/p>\r\n\r\n\r\n<p>C\u00e1c website n\u00e0y c\u00f3 th\u1ec3 l\u01b0u tr\u1eef d\u1eef li\u1ec7u v\u1ec1 b\u1ea1n, s\u1eed d\u1ee5ng cookie, nh\u00fang tr\u00ecnh theo d\u00f5i c\u1ee7a b\u00ean th\u1ee9 ba v\u00e0 gi\u00e1m s\u00e1t h\u00e0nh vi c\u1ee7a b\u1ea1n v\u1edbi n\u1ed9i dung nh\u00fang, k\u1ec3 c\u1ea3 khi b\u1ea1n \u0111\u00e3 \u0111\u0103ng nh\u1eadp v\u00e0o trang web \u0111\u00f3.<\/p>\r\n\r\n\r\n<h2 class=\"wp-block-heading\">Ch\u00fang t\u00f4i chia s\u1ebb d\u1eef li\u1ec7u c\u1ee7a b\u1ea1n v\u1edbi ai<\/h2>\r\n\r\n\r\n<p><strong class=\"privacy-policy-tutorial\">V\u0103n b\u1ea3n \u0111\u01b0\u1ee3c \u0111\u1ec1 xu\u1ea5t: <\/strong>N\u1ebfu b\u1ea1n g\u1eedi y\u00eau c\u1ea7u \u0111\u1eb7t l\u1ea1i m\u1eadt kh\u1ea9u, \u0111\u1ecba ch\u1ec9 IP s\u1ebd \u0111\u01b0\u1ee3c ghi nh\u1eadn trong email \u0111\u1eb7t l\u1ea1i g\u1eedi cho b\u1ea1n.<\/p>\r\n\r\n\r\n<h2 class=\"wp-block-heading\">D\u1eef li\u1ec7u c\u1ee7a b\u1ea1n t\u1ed3n t\u1ea1i bao l\u00e2u<\/h2>\r\n\r\n\r\n<p><strong class=\"privacy-policy-tutorial\">V\u0103n b\u1ea3n \u0111\u01b0\u1ee3c \u0111\u1ec1 xu\u1ea5t: <\/strong>Khi b\u1ea1n g\u1eedi b\u00ecnh lu\u1eadn, n\u1ed9i dung v\u00e0 si\u00eau d\u1eef li\u1ec7u s\u1ebd \u0111\u01b0\u1ee3c l\u01b0u tr\u1eef v\u0129nh vi\u1ec5n. \u0110i\u1ec1u n\u00e0y gi\u00fap ch\u00fang t\u00f4i nh\u1eadn di\u1ec7n v\u00e0 ph\u00ea duy\u1ec7t b\u00ecnh lu\u1eadn k\u1ebf ti\u1ebfp m\u00e0 kh\u00f4ng c\u1ea7n ki\u1ec3m duy\u1ec7t l\u1ea1i.<\/p>\r\n\r\n\r\n<p>Ng\u01b0\u1eddi d\u00f9ng \u0111\u0103ng k\u00fd tr\u00ean website (n\u1ebfu c\u00f3) s\u1ebd c\u00f3 th\u00f4ng tin c\u00e1 nh\u00e2n l\u01b0u trong h\u1ed3 s\u01a1. M\u1ecdi ng\u01b0\u1eddi d\u00f9ng \u0111\u1ec1u c\u00f3 th\u1ec3 xem, ch\u1ec9nh s\u1eeda ho\u1eb7c x\u00f3a d\u1eef li\u1ec7u c\u00e1 nh\u00e2n c\u1ee7a m\u00ecnh (kh\u00f4ng thay \u0111\u1ed5i t\u00ean \u0111\u0103ng nh\u1eadp). Qu\u1ea3n tr\u1ecb vi\u00ean c\u0169ng c\u00f3 quy\u1ec1n ch\u1ec9nh s\u1eeda th\u00f4ng tin \u0111\u00f3.<\/p>\r\n\r\n\r\n<h2 class=\"wp-block-heading\">C\u00e1c quy\u1ec1n n\u00e0o c\u1ee7a b\u1ea1n v\u1edbi d\u1eef li\u1ec7u c\u1ee7a m\u00ecnh<\/h2>\r\n\r\n\r\n<p><strong class=\"privacy-policy-tutorial\">V\u0103n b\u1ea3n \u0111\u01b0\u1ee3c \u0111\u1ec1 xu\u1ea5t: <\/strong>N\u1ebfu \u0111\u00e3 t\u1ea1o t\u00e0i kho\u1ea3n ho\u1eb7c g\u1eedi b\u00ecnh lu\u1eadn, b\u1ea1n c\u00f3 th\u1ec3 y\u00eau c\u1ea7u cung c\u1ea5p file xu\u1ea5t d\u1eef li\u1ec7u c\u00e1 nh\u00e2n ho\u1eb7c y\u00eau c\u1ea7u x\u00f3a to\u00e0n b\u1ed9 th\u00f4ng tin c\u00e1 nh\u00e2n c\u1ee7a m\u00ecnh. \u0110i\u1ec1u n\u00e0y kh\u00f4ng \u00e1p d\u1ee5ng cho d\u1eef li\u1ec7u l\u01b0u tr\u1eef v\u00ec m\u1ee5c \u0111\u00edch h\u00e0nh ch\u00ednh, ph\u00e1p l\u00fd hay an ninh.<\/p>\r\n\r\n\r\n<h2 class=\"wp-block-heading\">D\u1eef li\u1ec7u c\u1ee7a b\u1ea1n \u0111\u01b0\u1ee3c g\u1eedi \u0111\u1ebfn \u0111\u00e2u<\/h2>\r\n\r\n\r\n<p><strong class=\"privacy-policy-tutorial\">V\u0103n b\u1ea3n \u0111\u01b0\u1ee3c \u0111\u1ec1 xu\u1ea5t: <\/strong>B\u00ecnh lu\u1eadn c\u1ee7a kh\u00e1ch truy c\u1eadp c\u00f3 th\u1ec3 \u0111\u01b0\u1ee3c ki\u1ec3m tra qua h\u1ec7 th\u1ed1ng t\u1ef1 \u0111\u1ed9ng nh\u1eadn di\u1ec7n b\u00ecnh lu\u1eadn r\u00e1c.<\/p>\r\n","protected":false},"excerpt":{"rendered":"<p>Ch\u00fang t\u00f4i l\u00e0 ai V\u0103n b\u1ea3n \u0111\u01b0\u1ee3c \u0111\u1ec1 xu\u1ea5t: C\u00f4ng Ty C\u1ed5 Ph\u1ea7n \u0110\u1ea7u T\u01b0 Du L\u1ecbch Qu\u00fd H\u1ea3i Ph\u00fa Qu\u1ed1c chuy\u00ean cung c\u1ea5p tour du l\u1ecbch, \u0111\u1eb7t ph\u00f2ng kh\u00e1ch s\u1ea1n, thu\u00ea xe \u0111\u01b0a \u0111\u00f3n v\u00e0 v\u00e9 tham quan t\u1ea1i Ph\u00fa Qu\u1ed1c. B\u00ecnh lu\u1eadn V\u0103n b\u1ea3n \u0111\u01b0\u1ee3c \u0111\u1ec1 xu\u1ea5t: Khi b\u1ea1n \u0111\u1ec3 l\u1ea1i b\u00ecnh lu\u1eadn&#8230;<\/p>\n","protected":false},"author":1,"featured_media":0,"parent":0,"menu_order":0,"comment_status":"closed","ping_status":"open","template":"","meta":{"inline_featured_image":false,"footnotes":""},"class_list":["post-1511","page","type-page","status-publish","hentry"],"acf":[],"_links":{"self":[{"href":"https:\/\/dreamlinertravel.com\/en\/wp-json\/wp\/v2\/pages\/1511","targetHints":{"allow":["GET"]}}],"collection":[{"href":"https:\/\/dreamlinertravel.com\/en\/wp-json\/wp\/v2\/pages"}],"about":[{"href":"https:\/\/dreamlinertravel.com\/en\/wp-json\/wp\/v2\/types\/page"}],"author":[{"embeddable":true,"href":"https:\/\/dreamlinertravel.com\/en\/wp-json\/wp\/v2\/users\/1"}],"replies":[{"embeddable":true,"href":"https:\/\/dreamlinertravel.com\/en\/wp-json\/wp\/v2\/comments?post=1511"}],"version-history":[{"count":0,"href":"https:\/\/dreamlinertravel.com\/en\/wp-json\/wp\/v2\/pages\/1511\/revisions"}],"wp:attachment":[{"href":"https:\/\/dreamlinertravel.com\/en\/wp-json\/wp\/v2\/media?parent=1511"}],"curies":[{"name":"wp","href":"https:\/\/api.w.org\/{rel}","templated":true}]}}